{"id":13555,"date":"2023-02-13T05:45:03","date_gmt":"2023-02-13T05:45:03","guid":{"rendered":"https:\/\/sitwgroup.com\/contactenos\/"},"modified":"2025-05-22T16:12:17","modified_gmt":"2025-05-22T16:12:17","slug":"contactenos","status":"publish","type":"page","link":"https:\/\/sitwgroup.com\/en\/contactenos\/","title":{"rendered":"Contact Us"},"content":{"rendered":"<div class=\"wpb-content-wrapper\"><p>[vc_section full_width=&#8221;stretch_row&#8221; conditional_render=&#8221;%5B%7B%22value_role%22%3A%22administrator%22%7D%5D&#8221;][vc_row full_width=&#8221;stretch_row_content_no_spaces&#8221; conditional_render=&#8221;%5B%7B%22value_role%22%3A%22administrator%22%7D%5D&#8221;][vc_column][vc_gmaps link=&#8221;#E-8_JTNDaWZyYW1lJTIwc3JjJTNEJTIyaHR0cHMlM0ElMkYlMkZ3d3cuZ29vZ2xlLmNvbSUyRm1hcHMlMkZlbWJlZCUzRnBiJTNEJTIxMW0xNCUyMTFtOCUyMTFtMyUyMTFkMTk3MC4xNTk0ODM5NTEwMTQ0JTIxMmQtNzkuNTI1NDI3OCUyMTNkOS4wMzQ2NDAxJTIxM20yJTIxMWkxMDI0JTIxMmk3NjglMjE0ZjEzLjElMjEzbTMlMjExbTIlMjExczB4OGZhY2E5MTY2YTczYzdlMyUyNTNBMHg4MWNkNDA1MzBhMWMzYTQ1JTIxMnNTSVQlMjUyMFBhbmFtYSUyMTVlMCUyMTNtMiUyMTFzZXMtNDE5JTIxMnNwYSUyMTR2MTY3ODI4NTUzNjgxMiUyMTVtMiUyMTFzZXMtNDE5JTIxMnNwYSUyMiUyMHdpZHRoJTNEJTIyMTAwJTI1JTIyJTIwaGVpZ2h0JTNEJTIyNDUwJTIyJTIwc3R5bGUlM0QlMjJib3JkZXIlM0EwJTNCJTIyJTIwYWxsb3dmdWxsc2NyZWVuJTNEJTIyJTIyJTIwbG9hZGluZyUzRCUyMmxhenklMjIlMjByZWZlcnJlcnBvbGljeSUzRCUyMm5vLXJlZmVycmVyLXdoZW4tZG93bmdyYWRlJTIyJTNFJTNDJTJGaWZyYW1lJTNF&#8221;][\/vc_column][\/vc_row][\/vc_section][vc_row conditional_render=&#8221;%5B%7B%22value_role%22%3A%22administrator%22%7D%5D&#8221; css=&#8221;.vc_custom_1678289240235{padding-top: 35px !important;padding-bottom: 50px !important;}&#8221;][vc_column conditional_render=&#8221;%5B%7B%22value_role%22%3A%22administrator%22%7D%5D&#8221; offset=&#8221;vc_col-md-6&#8243; css=&#8221;.vc_custom_1678289246484{padding-bottom: 35px !important;background-position: center !important;background-repeat: no-repeat !important;background-size: contain !important;}&#8221;]<div class=\"porto-u-heading  wpb_custom_9468b4175ed92f04d009356c5991818d porto-u-55ca8359258f9a412be7e73af65d2aac \"><div class=\"porto-u-main-heading\"><h2   style=\"color:#808181;\">Find Us<\/h2><\/div><div class=\"porto-u-sub-heading\" style=\"\">Choosing us is your best decision<\/div><style>.porto-u-55ca8359258f9a412be7e73af65d2aac.porto-u-heading{text-align:center}<\/style><\/div><div class=\"porto-sicon-box box-ubicanos  wpb_custom_1efe903570d178ff0a9b7bfa5febd3a4 style_1 left-icon\"><div class=\"porto-sicon-left\"><div class=\"porto-just-icon-wrapper porto-icon none\" style=\"color:#087cba;font-size:40px;\"><i class=\"fas fa-map-marker-alt\"><\/i><\/div><\/div><div class=\"porto-sicon-body\"><div class=\"porto-sicon-header\"><h3 class=\"porto-sicon-title\" style=\"\">Address:<\/h3><\/div> <!-- header --><div class=\"porto-sicon-description\" style=\"\">P.H. Centro Empresarial Mar del Sur, nivel 300 oficina No. 310, corregimiento de Bella Vista, Panam\u00e1.<\/div> <!-- description --><\/div><\/div><!-- porto-sicon-box --><div class=\"porto-sicon-box box-ubicanos background  wpb_custom_74c312c6382c672d88415152636ca045 style_1 left-icon\"><div class=\"porto-sicon-left\"><div class=\"porto-just-icon-wrapper porto-icon none\" style=\"color:#ffffff;font-size:40px;\"><i class=\"fas fa-phone\"><\/i><\/div><\/div><div class=\"porto-sicon-body\"><div class=\"porto-sicon-header\"><h3 class=\"porto-sicon-title\" style=\"color:#ffffff;\">Phone:<\/h3><\/div> <!-- header --><div class=\"porto-sicon-description\" style=\"color:#ffffff;\"><a class=\"margin-left\" href=\"tel:381-8835\" target=\"_blank\" rel=\"noopener\">(507) 381-8835<\/a> \/ <a href=\"https:\/\/api.whatsapp.com\/send?phone=6595-8356&amp;text=\u00a1Hola!%20Estoy%20visitando%20la%20p\u00e1gina%20web%20SIT%20Panam\u00e1%20deseo%20recibir%20m\u00e1s%20informaci\u00f3n.\" target=\"_blank\" rel=\"noopener noreferrer\"> (507) 6595-8356<\/a><\/div> <!-- description --><\/div><\/div><!-- porto-sicon-box --><div class=\"porto-sicon-box box-ubicanos  wpb_custom_1efe903570d178ff0a9b7bfa5febd3a4 style_1 left-icon\"><div class=\"porto-sicon-left\"><div class=\"porto-just-icon-wrapper porto-icon none\" style=\"color:#087cba;font-size:40px;\"><i class=\"fas fa-envelope\"><\/i><\/div><\/div><div class=\"porto-sicon-body\"><div class=\"porto-sicon-header\"><h3 class=\"porto-sicon-title\" style=\"\">Email:<\/h3><\/div> <!-- header --><div class=\"porto-sicon-description\" style=\"\"><a href=\"mailto:info@sitwgroup.com\" target=\"_blank\" rel=\"noopener\">info@sitwgroup.com<\/a><\/div> <!-- description --><\/div><\/div><!-- porto-sicon-box -->[\/vc_column][vc_column conditional_render=&#8221;%5B%7B%22value_role%22%3A%22administrator%22%7D%5D&#8221; offset=&#8221;vc_col-md-6&#8243; css=&#8221;.vc_custom_1678289213394{padding-top: 0px !important;padding-bottom: 0px !important;}&#8221; el_class=&#8221;content-form-contacto&#8221;]<div class=\"porto-u-heading  wpb_custom_9468b4175ed92f04d009356c5991818d porto-u-55ca8359258f9a412be7e73af65d2aac \"><div class=\"porto-u-main-heading\"><h2   style=\"color:#808181;\">Contact Us<\/h2><\/div><div class=\"porto-u-sub-heading\" style=\"\">Fill out the following form<\/div><style>.porto-u-55ca8359258f9a412be7e73af65d2aac.porto-u-heading{text-align:center}<\/style><\/div>\n<div class=\"wpcf7 no-js\" id=\"wpcf7-f13736-o1\" lang=\"en-US\" dir=\"ltr\" data-wpcf7-id=\"13736\">\n<div class=\"screen-reader-response\"><p role=\"status\" aria-live=\"polite\" aria-atomic=\"true\"><\/p> <ul><\/ul><\/div>\n<form action=\"\/en\/wp-json\/wp\/v2\/pages\/13555#wpcf7-f13736-o1\" method=\"post\" class=\"wpcf7-form init\" aria-label=\"Contact form\" novalidate=\"novalidate\" data-status=\"init\">\n<fieldset class=\"hidden-fields-container\"><input type=\"hidden\" name=\"_wpcf7\" value=\"13736\" \/><input type=\"hidden\" name=\"_wpcf7_version\" value=\"6.1.3\" \/><input type=\"hidden\" name=\"_wpcf7_locale\" value=\"en_US\" \/><input type=\"hidden\" name=\"_wpcf7_unit_tag\" value=\"wpcf7-f13736-o1\" \/><input type=\"hidden\" name=\"_wpcf7_container_post\" value=\"0\" \/><input type=\"hidden\" name=\"_wpcf7_posted_data_hash\" value=\"\" \/>\n<\/fieldset>\n<div class=\"row form-contact\">\n    <div class=\"height-text col-lg-12\">\n        <label for=\"contact-name\" class=\"custom-font-family font-weight-medium\">Name <span class=\"text-secondary\">*<\/span><\/label>\n            <span class=\"wpcf7-form-control-wrap\" data-name=\"your-name\"><input size=\"40\" maxlength=\"400\" class=\"wpcf7-form-control wpcf7-text wpcf7-validates-as-required form-control line-height-lg\" id=\"contact-name\" aria-required=\"true\" aria-invalid=\"false\" value=\"\" type=\"text\" name=\"your-name\" \/><\/span>\n    <\/div>\n    <div class=\"height-text col-lg-12\">\n            <label for=\"contact-name\" class=\"custom-font-family font-weight-medium\">Phone <span class=\"text-secondary\">*<\/span><\/label>\n            <span class=\"wpcf7-form-control-wrap\" data-name=\"your-telefono\"><input size=\"40\" maxlength=\"400\" class=\"wpcf7-form-control wpcf7-text wpcf7-validates-as-required form-control line-height-lg\" aria-required=\"true\" aria-invalid=\"false\" value=\"\" type=\"text\" name=\"your-telefono\" \/><\/span>\n    <\/div>\n    <div class=\"height-text col-lg-12\">\n            <label for=\"contact-email\" class=\"custom-font-family font-weight-medium\">E-mail <span class=\"text-secondary\">*<\/span><\/label>\n            <span class=\"wpcf7-form-control-wrap\" data-name=\"your-email\"><input size=\"40\" maxlength=\"400\" class=\"wpcf7-form-control wpcf7-email wpcf7-validates-as-required wpcf7-text wpcf7-validates-as-email form-control line-height-lg\" id=\"contact-email\" aria-required=\"true\" aria-invalid=\"false\" value=\"\" type=\"email\" name=\"your-email\" \/><\/span>\n    <\/div>\n    <div class=\"height-textarea col-lg-12\">\n            <label for=\"contact-message\" class=\"custom-font-family font-weight-medium\">Message<\/label>\n            <span class=\"wpcf7-form-control-wrap\" data-name=\"your-message\"><textarea cols=\"40\" rows=\"7\" maxlength=\"2000\" class=\"wpcf7-form-control wpcf7-textarea form-control\" id=\"contact-message\" aria-invalid=\"false\" name=\"your-message\"><\/textarea><\/span>\n    <\/div>\n    <div class=\"height-btn col-lg-12\">\n            <input class=\"wpcf7-form-control wpcf7-submit has-spinner btn btn-primary\" type=\"submit\" value=\"SEND MESSAGE\" \/>\n<div class=\"cf7-cf-turnstile\" style=\"margin-top: 0px; margin-bottom: -15px;\"> <div id=\"cf-turnstile-cf7-3429776753\" class=\"cf-turnstile\" data-sitekey=\"0x4AAAAAAAHz-Ew5oF3EqMpD\" data-theme=\"auto\" data-language=\"auto\" data-size=\"\" data-retry=\"auto\" data-retry-interval=\"1000\" data-action=\"contact-form-7\" data-appearance=\"always\"><\/div> <script>document.addEventListener(\"DOMContentLoaded\", function() { setTimeout(function(){ var e=document.getElementById(\"cf-turnstile-cf7-3429776753\"); e&&!e.innerHTML.trim()&&(turnstile.remove(\"#cf-turnstile-cf7-3429776753\"), turnstile.render(\"#cf-turnstile-cf7-3429776753\", {sitekey:\"0x4AAAAAAAHz-Ew5oF3EqMpD\"})); }, 0); });<\/script> <br class=\"cf-turnstile-br cf-turnstile-br-cf7-3429776753\"> <style>#cf-turnstile-cf7-3429776753 { margin-left: -15px; }<\/style> <script>document.addEventListener(\"DOMContentLoaded\",function(){document.querySelectorAll('.wpcf7-form').forEach(function(e){e.addEventListener('submit',function(){if(document.getElementById('cf-turnstile-cf7-3429776753')){setTimeout(function(){turnstile.reset('#cf-turnstile-cf7-3429776753');},1000)}})})});<\/script> <\/div> \n    <\/div>\n<\/div><input type='hidden' class='wpcf7-pum' value='{\"closepopup\":false,\"closedelay\":0,\"openpopup\":false,\"openpopup_id\":0}' \/><div class=\"wpcf7-response-output\" aria-hidden=\"true\"><\/div>\n<\/form>\n<\/div>\n[\/vc_column][\/vc_row]<\/p>\n<\/div>","protected":false},"excerpt":{"rendered":"<p>[vc_section full_width=&#8221;stretch_row&#8221; conditional_render=&#8221;%5B%7B%22value_role%22%3A%22administrator%22%7D%5D&#8221;][vc_row full_width=&#8221;stretch_row_content_no_spaces&#8221; conditional_render=&#8221;%5B%7B%22value_role%22%3A%22administrator%22%7D%5D&#8221;][vc_column][vc_gmaps link=&#8221;#E-8_JTNDaWZyYW1lJTIwc3JjJTNEJTIyaHR0cHMlM0ElMkYlMkZ3d3cuZ29vZ2xlLmNvbSUyRm1hcHMlMkZlbWJlZCUzRnBiJTNEJTIxMW0xNCUyMTFtOCUyMTFtMyUyMTFkMTk3MC4xNTk0ODM5NTEwMTQ0JTIxMmQtNzkuNTI1NDI3OCUyMTNkOS4wMzQ2NDAxJTIxM20yJTIxMWkxMDI0JTIxMmk3NjglMjE0ZjEzLjElMjEzbTMlMjExbTIlMjExczB4OGZhY2E5MTY2YTczYzdlMyUyNTNBMHg4MWNkNDA1MzBhMWMzYTQ1JTIxMnNTSVQlMjUyMFBhbmFtYSUyMTVlMCUyMTNtMiUyMTFzZXMtNDE5JTIxMnNwYSUyMTR2MTY3ODI4NTUzNjgxMiUyMTVtMiUyMTFzZXMtNDE5JTIxMnNwYSUyMiUyMHdpZHRoJTNEJTIyMTAwJTI1JTIyJTIwaGVpZ2h0JTNEJTIyNDUwJTIyJTIwc3R5bGUlM0QlMjJib3JkZXIlM0EwJTNCJTIyJTIwYWxsb3dmdWxsc2NyZWVuJTNEJTIyJTIyJTIwbG9hZGluZyUzRCUyMmxhenklMjIlMjByZWZlcnJlcnBvbGljeSUzRCUyMm5vLXJlZmVycmVyLXdoZW4tZG93bmdyYWRlJTIyJTNFJTNDJTJGaWZyYW1lJTNF&#8221;][\/vc_column][\/vc_row][\/vc_section][vc_row conditional_render=&#8221;%5B%7B%22value_role%22%3A%22administrator%22%7D%5D&#8221; css=&#8221;.vc_custom_1678289240235{padding-top: 35px !important;padding-bottom: 50px !important;}&#8221;][vc_column conditional_render=&#8221;%5B%7B%22value_role%22%3A%22administrator%22%7D%5D&#8221; offset=&#8221;vc_col-md-6&#8243; css=&#8221;.vc_custom_1678289246484{padding-bottom: 35px !important;background-position: center !important;background-repeat: no-repeat !important;background-size: contain !important;}&#8221;][\/vc_column][vc_column conditional_render=&#8221;%5B%7B%22value_role%22%3A%22administrator%22%7D%5D&#8221; offset=&#8221;vc_col-md-6&#8243; css=&#8221;.vc_custom_1678289213394{padding-top: 0px !important;padding-bottom: 0px !important;}&#8221; el_class=&#8221;content-form-contacto&#8221;][\/vc_column][\/vc_row]<\/p>\n","protected":false},"author":5,"featured_media":0,"parent":0,"menu_order":0,"comment_status":"closed","ping_status":"closed","template":"","meta":{"content-type":"","inline_featured_image":false,"footnotes":""},"class_list":["post-13555","page","type-page","status-publish","hentry"],"yoast_head":"<!-- This site is optimized with the Yoast SEO plugin v27.2 - https:\/\/yoast.com\/product\/yoast-seo-wordpress\/ -->\n<title>Contact Us - SIT GROUP<\/title>\n<meta name=\"robots\" content=\"index, follow, max-snippet:-1, max-image-preview:large, max-video-preview:-1\" \/>\n<link rel=\"canonical\" href=\"https:\/\/sitwgroup.com\/en\/contactenos\/\" \/>\n<meta property=\"og:locale\" content=\"en_US\" \/>\n<meta property=\"og:type\" content=\"article\" \/>\n<meta property=\"og:title\" content=\"Contact Us - SIT GROUP\" \/>\n<meta property=\"og:description\" content=\"[vc_section full_width=&#8221;stretch_row&#8221; conditional_render=&#8221;%5B%7B%22value_role%22%3A%22administrator%22%7D%5D&#8221;][vc_row full_width=&#8221;stretch_row_content_no_spaces&#8221; conditional_render=&#8221;%5B%7B%22value_role%22%3A%22administrator%22%7D%5D&#8221;][vc_column][vc_gmaps link=&#8221;#E-8_JTNDaWZyYW1lJTIwc3JjJTNEJTIyaHR0cHMlM0ElMkYlMkZ3d3cuZ29vZ2xlLmNvbSUyRm1hcHMlMkZlbWJlZCUzRnBiJTNEJTIxMW0xNCUyMTFtOCUyMTFtMyUyMTFkMTk3MC4xNTk0ODM5NTEwMTQ0JTIxMmQtNzkuNTI1NDI3OCUyMTNkOS4wMzQ2NDAxJTIxM20yJTIxMWkxMDI0JTIxMmk3NjglMjE0ZjEzLjElMjEzbTMlMjExbTIlMjExczB4OGZhY2E5MTY2YTczYzdlMyUyNTNBMHg4MWNkNDA1MzBhMWMzYTQ1JTIxMnNTSVQlMjUyMFBhbmFtYSUyMTVlMCUyMTNtMiUyMTFzZXMtNDE5JTIxMnNwYSUyMTR2MTY3ODI4NTUzNjgxMiUyMTVtMiUyMTFzZXMtNDE5JTIxMnNwYSUyMiUyMHdpZHRoJTNEJTIyMTAwJTI1JTIyJTIwaGVpZ2h0JTNEJTIyNDUwJTIyJTIwc3R5bGUlM0QlMjJib3JkZXIlM0EwJTNCJTIyJTIwYWxsb3dmdWxsc2NyZWVuJTNEJTIyJTIyJTIwbG9hZGluZyUzRCUyMmxhenklMjIlMjByZWZlcnJlcnBvbGljeSUzRCUyMm5vLXJlZmVycmVyLXdoZW4tZG93bmdyYWRlJTIyJTNFJTNDJTJGaWZyYW1lJTNF&#8221;][\/vc_column][\/vc_row][\/vc_section][vc_row conditional_render=&#8221;%5B%7B%22value_role%22%3A%22administrator%22%7D%5D&#8221; css=&#8221;.vc_custom_1678289240235{padding-top: 35px !important;padding-bottom: 50px !important;}&#8221;][vc_column conditional_render=&#8221;%5B%7B%22value_role%22%3A%22administrator%22%7D%5D&#8221; offset=&#8221;vc_col-md-6&#8243; css=&#8221;.vc_custom_1678289246484{padding-bottom: 35px !important;background-position: center !important;background-repeat: no-repeat !important;background-size: contain !important;}&#8221;][\/vc_column][vc_column conditional_render=&#8221;%5B%7B%22value_role%22%3A%22administrator%22%7D%5D&#8221; offset=&#8221;vc_col-md-6&#8243; css=&#8221;.vc_custom_1678289213394{padding-top: 0px !important;padding-bottom: 0px !important;}&#8221; el_class=&#8221;content-form-contacto&#8221;][\/vc_column][\/vc_row]\" \/>\n<meta property=\"og:url\" content=\"https:\/\/sitwgroup.com\/en\/contactenos\/\" \/>\n<meta property=\"og:site_name\" content=\"SIT GROUP\" \/>\n<meta property=\"article:publisher\" content=\"https:\/\/www.facebook.com\/sitpanama1\" \/>\n<meta property=\"article:modified_time\" content=\"2025-05-22T16:12:17+00:00\" \/>\n<meta name=\"twitter:card\" content=\"summary_large_image\" \/>\n<meta name=\"twitter:site\" content=\"@sitpanama1\" \/>\n<meta name=\"twitter:label1\" content=\"Est. reading time\" \/>\n\t<meta name=\"twitter:data1\" content=\"1 minute\" \/>\n<script type=\"application\/ld+json\" class=\"yoast-schema-graph\">{\"@context\":\"https:\/\/schema.org\",\"@graph\":[{\"@type\":\"WebPage\",\"@id\":\"https:\/\/sitwgroup.com\/en\/contactenos\/\",\"url\":\"https:\/\/sitwgroup.com\/en\/contactenos\/\",\"name\":\"Contact Us - SIT GROUP\",\"isPartOf\":{\"@id\":\"https:\/\/sitwgroup.com\/en\/#website\"},\"datePublished\":\"2023-02-13T05:45:03+00:00\",\"dateModified\":\"2025-05-22T16:12:17+00:00\",\"breadcrumb\":{\"@id\":\"https:\/\/sitwgroup.com\/en\/contactenos\/#breadcrumb\"},\"inLanguage\":\"en-US\",\"potentialAction\":[{\"@type\":\"ReadAction\",\"target\":[\"https:\/\/sitwgroup.com\/en\/contactenos\/\"]}]},{\"@type\":\"BreadcrumbList\",\"@id\":\"https:\/\/sitwgroup.com\/en\/contactenos\/#breadcrumb\",\"itemListElement\":[{\"@type\":\"ListItem\",\"position\":1,\"name\":\"Portada\",\"item\":\"https:\/\/sitwgroup.com\/en\/\"},{\"@type\":\"ListItem\",\"position\":2,\"name\":\"Contact Us\"}]},{\"@type\":\"WebSite\",\"@id\":\"https:\/\/sitwgroup.com\/en\/#website\",\"url\":\"https:\/\/sitwgroup.com\/en\/\",\"name\":\"SIT GROUP\",\"description\":\"Smart Integration Technology\",\"publisher\":{\"@id\":\"https:\/\/sitwgroup.com\/en\/#organization\"},\"potentialAction\":[{\"@type\":\"SearchAction\",\"target\":{\"@type\":\"EntryPoint\",\"urlTemplate\":\"https:\/\/sitwgroup.com\/en\/?s={search_term_string}\"},\"query-input\":{\"@type\":\"PropertyValueSpecification\",\"valueRequired\":true,\"valueName\":\"search_term_string\"}}],\"inLanguage\":\"en-US\"},{\"@type\":\"Organization\",\"@id\":\"https:\/\/sitwgroup.com\/en\/#organization\",\"name\":\"SIT GROUP\",\"url\":\"https:\/\/sitwgroup.com\/en\/\",\"logo\":{\"@type\":\"ImageObject\",\"inLanguage\":\"en-US\",\"@id\":\"https:\/\/sitwgroup.com\/en\/#\/schema\/logo\/image\/\",\"url\":\"https:\/\/sitwgroup.com\/wp-content\/uploads\/cropped-Logo-SIT-Panama-favicon.png\",\"contentUrl\":\"https:\/\/sitwgroup.com\/wp-content\/uploads\/cropped-Logo-SIT-Panama-favicon.png\",\"width\":512,\"height\":512,\"caption\":\"SIT GROUP\"},\"image\":{\"@id\":\"https:\/\/sitwgroup.com\/en\/#\/schema\/logo\/image\/\"},\"sameAs\":[\"https:\/\/www.facebook.com\/sitpanama1\",\"https:\/\/x.com\/sitpanama1\",\"https:\/\/www.instagram.com\/sitpanama\/\"]}]}<\/script>\n<!-- \/ Yoast SEO plugin. -->","yoast_head_json":{"title":"Contact Us - SIT GROUP","robots":{"index":"index","follow":"follow","max-snippet":"max-snippet:-1","max-image-preview":"max-image-preview:large","max-video-preview":"max-video-preview:-1"},"canonical":"https:\/\/sitwgroup.com\/en\/contactenos\/","og_locale":"en_US","og_type":"article","og_title":"Contact Us - SIT GROUP","og_description":"[vc_section full_width=&#8221;stretch_row&#8221; conditional_render=&#8221;%5B%7B%22value_role%22%3A%22administrator%22%7D%5D&#8221;][vc_row full_width=&#8221;stretch_row_content_no_spaces&#8221; conditional_render=&#8221;%5B%7B%22value_role%22%3A%22administrator%22%7D%5D&#8221;][vc_column][vc_gmaps link=&#8221;#E-8_JTNDaWZyYW1lJTIwc3JjJTNEJTIyaHR0cHMlM0ElMkYlMkZ3d3cuZ29vZ2xlLmNvbSUyRm1hcHMlMkZlbWJlZCUzRnBiJTNEJTIxMW0xNCUyMTFtOCUyMTFtMyUyMTFkMTk3MC4xNTk0ODM5NTEwMTQ0JTIxMmQtNzkuNTI1NDI3OCUyMTNkOS4wMzQ2NDAxJTIxM20yJTIxMWkxMDI0JTIxMmk3NjglMjE0ZjEzLjElMjEzbTMlMjExbTIlMjExczB4OGZhY2E5MTY2YTczYzdlMyUyNTNBMHg4MWNkNDA1MzBhMWMzYTQ1JTIxMnNTSVQlMjUyMFBhbmFtYSUyMTVlMCUyMTNtMiUyMTFzZXMtNDE5JTIxMnNwYSUyMTR2MTY3ODI4NTUzNjgxMiUyMTVtMiUyMTFzZXMtNDE5JTIxMnNwYSUyMiUyMHdpZHRoJTNEJTIyMTAwJTI1JTIyJTIwaGVpZ2h0JTNEJTIyNDUwJTIyJTIwc3R5bGUlM0QlMjJib3JkZXIlM0EwJTNCJTIyJTIwYWxsb3dmdWxsc2NyZWVuJTNEJTIyJTIyJTIwbG9hZGluZyUzRCUyMmxhenklMjIlMjByZWZlcnJlcnBvbGljeSUzRCUyMm5vLXJlZmVycmVyLXdoZW4tZG93bmdyYWRlJTIyJTNFJTNDJTJGaWZyYW1lJTNF&#8221;][\/vc_column][\/vc_row][\/vc_section][vc_row conditional_render=&#8221;%5B%7B%22value_role%22%3A%22administrator%22%7D%5D&#8221; css=&#8221;.vc_custom_1678289240235{padding-top: 35px !important;padding-bottom: 50px !important;}&#8221;][vc_column conditional_render=&#8221;%5B%7B%22value_role%22%3A%22administrator%22%7D%5D&#8221; offset=&#8221;vc_col-md-6&#8243; css=&#8221;.vc_custom_1678289246484{padding-bottom: 35px !important;background-position: center !important;background-repeat: no-repeat !important;background-size: contain !important;}&#8221;][\/vc_column][vc_column conditional_render=&#8221;%5B%7B%22value_role%22%3A%22administrator%22%7D%5D&#8221; offset=&#8221;vc_col-md-6&#8243; css=&#8221;.vc_custom_1678289213394{padding-top: 0px !important;padding-bottom: 0px !important;}&#8221; el_class=&#8221;content-form-contacto&#8221;][\/vc_column][\/vc_row]","og_url":"https:\/\/sitwgroup.com\/en\/contactenos\/","og_site_name":"SIT GROUP","article_publisher":"https:\/\/www.facebook.com\/sitpanama1","article_modified_time":"2025-05-22T16:12:17+00:00","twitter_card":"summary_large_image","twitter_site":"@sitpanama1","twitter_misc":{"Est. reading time":"1 minute"},"schema":{"@context":"https:\/\/schema.org","@graph":[{"@type":"WebPage","@id":"https:\/\/sitwgroup.com\/en\/contactenos\/","url":"https:\/\/sitwgroup.com\/en\/contactenos\/","name":"Contact Us - SIT GROUP","isPartOf":{"@id":"https:\/\/sitwgroup.com\/en\/#website"},"datePublished":"2023-02-13T05:45:03+00:00","dateModified":"2025-05-22T16:12:17+00:00","breadcrumb":{"@id":"https:\/\/sitwgroup.com\/en\/contactenos\/#breadcrumb"},"inLanguage":"en-US","potentialAction":[{"@type":"ReadAction","target":["https:\/\/sitwgroup.com\/en\/contactenos\/"]}]},{"@type":"BreadcrumbList","@id":"https:\/\/sitwgroup.com\/en\/contactenos\/#breadcrumb","itemListElement":[{"@type":"ListItem","position":1,"name":"Portada","item":"https:\/\/sitwgroup.com\/en\/"},{"@type":"ListItem","position":2,"name":"Contact Us"}]},{"@type":"WebSite","@id":"https:\/\/sitwgroup.com\/en\/#website","url":"https:\/\/sitwgroup.com\/en\/","name":"SIT GROUP","description":"Smart Integration Technology","publisher":{"@id":"https:\/\/sitwgroup.com\/en\/#organization"},"potentialAction":[{"@type":"SearchAction","target":{"@type":"EntryPoint","urlTemplate":"https:\/\/sitwgroup.com\/en\/?s={search_term_string}"},"query-input":{"@type":"PropertyValueSpecification","valueRequired":true,"valueName":"search_term_string"}}],"inLanguage":"en-US"},{"@type":"Organization","@id":"https:\/\/sitwgroup.com\/en\/#organization","name":"SIT GROUP","url":"https:\/\/sitwgroup.com\/en\/","logo":{"@type":"ImageObject","inLanguage":"en-US","@id":"https:\/\/sitwgroup.com\/en\/#\/schema\/logo\/image\/","url":"https:\/\/sitwgroup.com\/wp-content\/uploads\/cropped-Logo-SIT-Panama-favicon.png","contentUrl":"https:\/\/sitwgroup.com\/wp-content\/uploads\/cropped-Logo-SIT-Panama-favicon.png","width":512,"height":512,"caption":"SIT GROUP"},"image":{"@id":"https:\/\/sitwgroup.com\/en\/#\/schema\/logo\/image\/"},"sameAs":["https:\/\/www.facebook.com\/sitpanama1","https:\/\/x.com\/sitpanama1","https:\/\/www.instagram.com\/sitpanama\/"]}]}},"_links":{"self":[{"href":"https:\/\/sitwgroup.com\/en\/wp-json\/wp\/v2\/pages\/13555","targetHints":{"allow":["GET"]}}],"collection":[{"href":"https:\/\/sitwgroup.com\/en\/wp-json\/wp\/v2\/pages"}],"about":[{"href":"https:\/\/sitwgroup.com\/en\/wp-json\/wp\/v2\/types\/page"}],"author":[{"embeddable":true,"href":"https:\/\/sitwgroup.com\/en\/wp-json\/wp\/v2\/users\/5"}],"replies":[{"embeddable":true,"href":"https:\/\/sitwgroup.com\/en\/wp-json\/wp\/v2\/comments?post=13555"}],"version-history":[{"count":2,"href":"https:\/\/sitwgroup.com\/en\/wp-json\/wp\/v2\/pages\/13555\/revisions"}],"predecessor-version":[{"id":13557,"href":"https:\/\/sitwgroup.com\/en\/wp-json\/wp\/v2\/pages\/13555\/revisions\/13557"}],"wp:attachment":[{"href":"https:\/\/sitwgroup.com\/en\/wp-json\/wp\/v2\/media?parent=13555"}],"curies":[{"name":"wp","href":"https:\/\/api.w.org\/{rel}","templated":true}]}}